{"id":3514,"date":"2026-01-25T12:48:28","date_gmt":"2026-01-25T12:48:28","guid":{"rendered":"https:\/\/sic.navy\/new2026\/?page_id=3514"},"modified":"2026-01-25T14:13:33","modified_gmt":"2026-01-25T14:13:33","slug":"sustainability-commitment","status":"publish","type":"page","link":"https:\/\/sic.navy\/it\/sustainability-commitment\/","title":{"rendered":"Impegno per la Sostenibilit\u00e0"},"content":{"rendered":"<div data-elementor-type=\"wp-page\" data-elementor-id=\"3514\" class=\"elementor elementor-3514\" data-elementor-post-type=\"page\">\n\t\t\t\t<div class=\"elementor-element elementor-element-77f97996 e-flex e-con-boxed e-con e-parent\" data-id=\"77f97996\" data-element_type=\"container\" data-e-type=\"container\">\n\t\t\t\t\t<div class=\"e-con-inner\">\n\t\t\t\t<div class=\"elementor-element elementor-element-2022d9da elementor-widget elementor-widget-text-editor\" data-id=\"2022d9da\" data-element_type=\"widget\" data-e-type=\"widget\" data-widget_type=\"text-editor.default\">\n\t\t\t\t\t\t\t\t\t<div id=\"cmplz-document\" class=\"cmplz-document cmplz-sustainability-commitment\"><div class=\"article-detail block-body\"><h2 style=\"color: #0062b3;\"><span style=\"color: #000000;\">IMPEGNO PER LA SOSTENIBILIT\u00c0<\/span><\/h2><p><em>\u201cProgettare il futuro del mare attraverso un\u2019innovazione responsabile e una qualit\u00e0 senza compromessi.\u201d<\/em><\/p><p><br \/>A <strong>SIC\u2013DIVISIONE ELETTRONICA S.R.L.<\/strong> (SIC Navy), la nostra esperienza di oltre 30 anni nel settore nautico si fonda su un profondo rispetto per l'oceano. Riconosciamo che, in qualit\u00e0 di produttori, la nostra responsabilit\u00e0 va oltre le prestazioni dei nostri componenti e abbraccia l'intero ciclo di vita ambientale dei nostri prodotti. La nostra strategia di sostenibilit\u00e0 \u00e8 integrata nel nostro modello di business principale, incentrata sull'efficienza delle risorse, sull'innovazione dei materiali e sul supporto alla transizione globale verso una propulsione marittima pi\u00f9 pulita.<br \/><br \/><\/p><hr \/><h3><br \/>1. Scienza dei materiali avanzati: oltre i polimeri standard<\/h3><p>La scelta dei materiali \u00e8 il fattore principale che incide sull'impatto ambientale nella produzione navale. Siamo andati oltre i materiali tradizionali, adottando tecnopolimeri ad alte prestazioni che definiscono lo standard in termini di eco-durabilit\u00e0:<\/p><ul><li><strong>Ingegneria del XLPE (polietilene reticolato):<\/strong> A differenza delle plastiche standard, i nostri polimeri reticolati sono progettati per una durata estrema. Estendendo significativamente il ciclo di sostituzione dei serbatoi di carburante e acqua (a oltre 25 anni), riduciamo drasticamente il volume dei rifiuti industriali generati dal settore nautico.<\/li><li><strong>Tecnologia a permeazione zero:<\/strong> Le nostre poliammidi avanzate agiscono come una barriera molecolare. Ci\u00f2 impedisce la \"sudorazione\" dei vapori di carburante (permeazione di idrocarburi) nello scafo e nell'atmosfera, superando i limiti rigorosi <strong>EPA\/CARB<\/strong> normative e tutela della qualit\u00e0 dell'aria e dell'acqua marina.<\/li><li><strong>Riciclabilit\u00e0 totale:<\/strong> Applichiamo un protocollo di recupero per i polimeri ad alta densit\u00e0. Al termine del ciclo di vita di un recipiente, i nostri serbatoi sono riciclabili al 100% e possono essere trasformati meccanicamente in nuove materie prime per applicazioni industriali non critiche.<\/li><\/ul><hr \/><h3><br \/>2. Pionieri dell'era dell'elettrificazione navale<\/h3><p>Mentre il mondo marittimo si orienta verso la propulsione ibrida e completamente elettrica, SIC Navy \u00e8 all'avanguardia della rivoluzione elettronica:<\/p><ul><li><strong>La rivoluzione dello storage SicTronic:<\/strong> La nostra ultima innovazione, SicTronic, \u00e8 un sistema di accumulo di energia ad alta efficienza. Consentendo una gestione energetica pi\u00f9 intelligente, permette alle imbarcazioni di operare in \"modalit\u00e0 silenziosa\" (solo batteria), eliminando le emissioni di CO2 e l'inquinamento acustico nelle zone costiere sensibili e nelle riserve marine protette.<\/li><li><strong>Integrazione universale dell'inverter:<\/strong> Progettiamo la nostra elettronica in modo che sia \"agnostica\" e universalmente compatibile. Ci\u00f2 facilita l'integrazione di fonti di energia rinnovabile (pannelli solari, idrogeneratori) nelle reti elettriche di bordo esistenti, riducendo l'impronta di carbonio operativa di qualsiasi yacht.<\/li><li><strong>Monitoraggio ad alta precisione:<\/strong> I nostri indicatori digitali e i sensori NMEA 2000 forniscono dati in tempo reale che consentono ai comandanti di ottimizzare il consumo di carburante e l'utilizzo dell'energia, promuovendo uno stile di navigazione pi\u00f9 consapevole ed efficiente.<\/li><\/ul><h3>\u00a0<\/h3><hr \/><h3><br \/>3. Etica industriale ed eccellenza nella produzione<\/h3><p>La sostenibilit\u00e0 non riguarda solo il prodotto, ma anche il modo in cui viene realizzato. Il nostro stabilimento di produzione a Lecce, in Italia, segue una filosofia \"Efficienza al primo posto\":<\/p><ul><li><strong>Stampaggio rotazionale a circuito chiuso:<\/strong> Il nostro processo di stampaggio \u00e8 praticamente privo di sprechi. Qualsiasi eccesso di materia prima durante la fase di progettazione CAD-stampaggio viene raccolto, macinato e riutilizzato, garantendo che nessun rifiuto di plastica lasci il nostro stabilimento di produzione.<\/li><li><strong>Produzione a basso consumo energetico:<\/strong> Abbiamo ottimizzato i nostri forni industriali e le linee di assemblaggio elettronico per operare con un'elevata efficienza energetica, riducendo il rapporto kilowatt per unit\u00e0 di ogni serbatoio e sensore prodotto.<\/li><li><strong>Test di integrit\u00e0 di 24 ore:<\/strong> Ogni serbatoio viene sottoposto a un rigoroso test di pressione di 24 ore. Oltre a essere uno standard di qualit\u00e0, rappresenta anche una salvaguardia ambientale: garantire una tenuta stagna al 100% significa eliminare ogni rischio di contaminazione dei nostri oceani da parte di carburante o acque reflue.<br \/><br \/><\/li><\/ul><hr \/><h3><br \/>4. Sicurezza SOLAS: Riduzione dei rifiuti elettronici<\/h3><p>Nel settore della sicurezza, sostenibilit\u00e0 significa affidabilit\u00e0. La nostra <strong>SOLARE CON<\/strong> Le luci di emergenza omologate (Asteria, Conqueror, Revenge) sono progettate con tecnologia LED ad alta efficienza e batterie a lunga durata. Offrendo prodotti che superano gli standard di sicurezza relativi alla data di scadenza e resistono alla corrosione salina, evitiamo lo smaltimento prematuro di dispositivi elettronici di emergenza, che contengono materiali difficili da riciclare.<br \/><br \/><\/p><hr \/><h3><br \/>5. La nostra visione per il 2030: l'orizzonte blu.<\/h3><p>SIC Navy si impegna a seguire una roadmap di sostenibilit\u00e0 in continua evoluzione:<\/p><ul><li><strong>Ottimizzazione della logistica:<\/strong> Implementare strategie di spedizione \"Flat-Pack\" e distribuzione localizzata per ridurre le emissioni di carbonio associate alla logistica marittima globale.<\/li><li><strong>Ricerca sui biopolimeri:<\/strong> Il nostro reparto di ricerca e sviluppo sta attualmente testando resine di nuova generazione derivate da fonti biologiche rinnovabili per ridurre ulteriormente la nostra dipendenza dai polimeri derivati \u200b\u200bda combustibili fossili.<\/li><li><strong>Gestione responsabile delle risorse idriche:<\/strong> Implementiamo sistemi avanzati di filtrazione dell'acqua all'interno del nostro stabilimento di produzione per garantire che il nostro impatto industriale rimanga isolato dall'ecosistema locale.<br \/><br \/><\/li><\/ul><hr \/><h3><br \/>6. Collaborazione trasparente<\/h3><p>Crediamo nella \"cosostenibilit\u00e0\". Lavoriamo a stretto contatto con cantieri navali e progettisti per creare sistemi integrati che rendano l'imbarcazione finale pi\u00f9 leggera, pi\u00f9 efficiente e pi\u00f9 facile da riciclare. Per SIC Navy, la qualit\u00e0 \u00e8 la forma pi\u00f9 autentica di sostenibilit\u00e0.<\/p><div style=\"margin-top: 30px; padding: 20px; background-color: #f9f9f9; border-left: 5px solid #0062b3;\"><strong>Richieste di informazioni tecniche e rapporti di sostenibilit\u00e0:<\/strong><br \/>SIC\u2013DIVISIONE ELETTRONICA S.R.L.<br \/>Viale Gran Bretagna 2 \u2013 Zona Industriale, 73100 \u2013 Lecce (LE), Italy<br \/><strong>E-mail:<\/strong> <a href=\"mailto:sales@sic.navy\">sales@sic.navy<\/a><br \/><strong>Telefono:<\/strong> +(39) 0832 365979<\/div><\/div><\/div>\t\t\t\t\t\t\t\t<\/div>\n\t\t\t\t<div class=\"elementor-element elementor-element-62eea2ff elementor-widget elementor-widget-spacer\" data-id=\"62eea2ff\" data-element_type=\"widget\" data-e-type=\"widget\" data-widget_type=\"spacer.default\">\n\t\t\t\t\t\t\t<div class=\"elementor-spacer\">\n\t\t\t<div class=\"elementor-spacer-inner\"><\/div>\n\t\t<\/div>\n\t\t\t\t\t\t<\/div>\n\t\t\t\t\t<\/div>\n\t\t\t\t<\/div>\n\t\t\t\t<\/div>","protected":false},"excerpt":{"rendered":"<p>SUSTAINABILITY COMMITMENT &#8220;Engineering the future of the sea through responsible innovation and uncompromised quality.&#8221; At SIC\u2013DIVISIONE ELETTRONICA S.R.L. (SIC Navy), our legacy of over 30 years in the marine industry is built on a profound respect for the ocean. We recognize that as a manufacturer, our responsibility extends beyond the performance of our components; it<\/p>\n<div class=\"klb-readmore post-buttons\"><a class=\"btn variant-primary\" href=\"https:\/\/sic.navy\/it\/sustainability-commitment\/\">Read More <i class=\"klbth-icon-right-arrow\"><\/i><\/a><\/div>","protected":false},"author":1,"featured_media":0,"parent":0,"menu_order":0,"comment_status":"closed","ping_status":"closed","template":"","meta":{"footnotes":""},"class_list":["post-3514","page","type-page","status-publish","hentry"],"_links":{"self":[{"href":"https:\/\/sic.navy\/it\/wp-json\/wp\/v2\/pages\/3514","targetHints":{"allow":["GET"]}}],"collection":[{"href":"https:\/\/sic.navy\/it\/wp-json\/wp\/v2\/pages"}],"about":[{"href":"https:\/\/sic.navy\/it\/wp-json\/wp\/v2\/types\/page"}],"author":[{"embeddable":true,"href":"https:\/\/sic.navy\/it\/wp-json\/wp\/v2\/users\/1"}],"replies":[{"embeddable":true,"href":"https:\/\/sic.navy\/it\/wp-json\/wp\/v2\/comments?post=3514"}],"version-history":[{"count":0,"href":"https:\/\/sic.navy\/it\/wp-json\/wp\/v2\/pages\/3514\/revisions"}],"wp:attachment":[{"href":"https:\/\/sic.navy\/it\/wp-json\/wp\/v2\/media?parent=3514"}],"curies":[{"name":"wp","href":"https:\/\/api.w.org\/{rel}","templated":true}]}}