{"id":24803,"date":"2026-02-05T09:13:32","date_gmt":"2026-02-05T09:13:32","guid":{"rendered":"https:\/\/sic.navy\/new2026\/checkout\/uncategorized\/battery-isolators-4x70a-very-low-drop\/"},"modified":"2026-03-26T13:02:52","modified_gmt":"2026-03-26T13:02:52","slug":"battery-isolators-4x70a-very-low-drop","status":"publish","type":"product","link":"https:\/\/sic.navy\/it\/prodotto\/battery-isolators-4x70a-very-low-drop\/","title":{"rendered":"Isolatori di batteria 4x70A \u201ca bassissima caduta di corrente\u201d"},"content":{"rendered":"<p>Gli isolatori automatici di batteria a bassissima caduta di tensione (o \u201cvery low drop\u201d) o distributori di carica consentono di caricare due o m ore di batterie simultaneamente con uno o due generatori (vedi caratteristiche tecniche). Gli isolatori automatici di batteria a bassa caduta di tensione separano elettricamente ciascuna batteria per impedire che quella caricata per m ore si scarichi in quella meno carica. Durante la carica, verr\u00e0 data priorit\u00e0 al banco con maggiore necessit\u00e0. Hanno un alloggiamento in lega leggera (alluminio anodizzato), con ampie alette progettate per dissipare efficacemente il calore. Sono facili da installare e proteggono il sistema a monte del carico. Tutti i nostri isolatori di batteria a bassa caduta di tensione hanno grado di protezione IP 685. Ricordiamo che sul mercato gli isolatori di batteria sono chiamati cos\u00ec perch\u00e9 isolano elettricamente. Gli isolatori di batteria sono chiamati anche in altri modi per i seguenti motivi. I nostri isolatori di batteria hanno tutte queste caratteristiche ma sono anche \u201cLow Drop\u201d. Isolatori: isolano elettricamente le batterie; Uno non si scarica nell'altro Separatori: Separano la corrente in una direzione Preferenziatori: Forniscono intrinsecamente mhours di carica alla batteria scaricata mhours Ripartitori: Distribuiscono la carica a pi\u00f9 batterie Isolatori \u2018Very Low Drop\u2019: A differenza dei normali isolatori di batteria, quelli \u2018low drop\u2019 hanno la caratteristica di causare basse cadute di tensione tra l'alternatore e la batteria.<\/p>","protected":false},"excerpt":{"rendered":"<p>Automatic battery isolators with very low voltage drop (o &#8216;very low drop&#8217;) or charge distributors allow charging two or mhours batteries simultaneously with one or two generators (vedi caratteristiche tecniche).Low voltage drop automatic battery isolators electrically separate each battery to prevent the mhours charged one from discharging into the less charged one. During charging, the<\/p>\n<div class=\"klb-readmore post-buttons\"><a class=\"btn variant-primary\" href=\"https:\/\/sic.navy\/it\/prodotto\/battery-isolators-4x70a-very-low-drop\/\">Read More <i class=\"klbth-icon-right-arrow\"><\/i><\/a><\/div>","protected":false},"featured_media":24804,"template":"","meta":[],"product_brand":[],"product_cat":[69],"product_tag":[],"class_list":{"0":"post-24803","1":"product","2":"type-product","3":"status-publish","4":"has-post-thumbnail","6":"product_cat-electronics","7":"pa_models-battery-isolators-4x70a-very-low-drop","8":"pa_sku-code-hpr30003","10":"first","11":"instock","12":"product-type-simple"},"_links":{"self":[{"href":"https:\/\/sic.navy\/it\/wp-json\/wp\/v2\/product\/24803","targetHints":{"allow":["GET"]}}],"collection":[{"href":"https:\/\/sic.navy\/it\/wp-json\/wp\/v2\/product"}],"about":[{"href":"https:\/\/sic.navy\/it\/wp-json\/wp\/v2\/types\/product"}],"wp:featuredmedia":[{"embeddable":true,"href":"https:\/\/sic.navy\/it\/wp-json\/wp\/v2\/media\/24804"}],"wp:attachment":[{"href":"https:\/\/sic.navy\/it\/wp-json\/wp\/v2\/media?parent=24803"}],"wp:term":[{"taxonomy":"product_brand","embeddable":true,"href":"https:\/\/sic.navy\/it\/wp-json\/wp\/v2\/product_brand?post=24803"},{"taxonomy":"product_cat","embeddable":true,"href":"https:\/\/sic.navy\/it\/wp-json\/wp\/v2\/product_cat?post=24803"},{"taxonomy":"product_tag","embeddable":true,"href":"https:\/\/sic.navy\/it\/wp-json\/wp\/v2\/product_tag?post=24803"}],"curies":[{"name":"wp","href":"https:\/\/api.w.org\/{rel}","templated":true}]}}