{"id":24858,"date":"2026-02-05T09:14:15","date_gmt":"2026-02-05T09:14:15","guid":{"rendered":"https:\/\/sic.navy\/new2026\/checkout\/uncategorized\/universal-digital-gauge-12-24v-programmabile\/"},"modified":"2026-03-26T23:02:41","modified_gmt":"2026-03-26T23:02:41","slug":"universal-digital-gauge-12-24v-programmabile","status":"publish","type":"product","link":"https:\/\/sic.navy\/it\/prodotto\/universal-digital-gauge-12-24v-programmabile\/","title":{"rendered":"Indicatore digitale universale 12\/24V, programmabile"},"content":{"rendered":"<p>BREVETTO INTERNAZIONALE. Disponibile con ghiere di diverse forme e colori. Lo strumento di misura digitale \u00e8 un dispositivo brevettato unico nel suo genere, poich\u00e9 pu\u00f2 essere pre-programmato e configurato per misurare qualsiasi valore (tensione, corrente, temperatura, pressione, consumo di carburante, ecc.) a bordo di una barca, nave, camion o automobile. Un unico modello \u00e8 adatto a tutte le applicazioni. Il software di programmazione \u00e8 disponibile gratuitamente sul nostro sito web. Lo strumento pu\u00f2 essere programmato per eseguire 10 diverse funzioni di indicazione:<\/p>\n<p class=\"translation-block\">Voltmetro<br>\nAmperometro<br>\nIndicazione livello carburante<br>\nIndicazione livello acqua<br>\nIndicazione consumo medio<br>\nIndicazione pressione olio<br>\nIndicazione temperatura olio motore<br>\nIndicazione temperatura acqua motore<br>\nIndicazione temperatura aria<br>\nContaore<\/p>\n<p>L\u2019area del display dello strumento \u00e8 pi\u00f9 ampia rispetto a quella degli strumenti tradizionali, mentre le dimensioni complessive sono significativamente pi\u00f9 compatte. Questo consente di risparmiare spazio sul cruscotto e di ottenere soluzioni estetiche migliori.<\/p>\n<p>I distributori hanno il vantaggio di dover tenere a magazzino un solo tipo di strumento e possono programmare diverse funzioni di indicazione per soddisfare le specifiche esigenze dei clienti.<\/p>\n<p>Lo strumento fornisce un allarme acustico o visivo nel caso in cui un valore misurato superi i limiti preimpostati.<\/p>","protected":false},"excerpt":{"rendered":"<p>INTERNATIONAL PATENT. Available with bezels in different shapes and colors. The digital measuring instrument is a unique patented device, as it can be pre-programmed and configured to measure any value (voltage, current, temperature, pressure, fuel consumption, etc.) on board a boat, ship, truck, or car. One model fits all. The programming software is available free<\/p>\n<div class=\"klb-readmore post-buttons\"><a class=\"btn variant-primary\" href=\"https:\/\/sic.navy\/it\/prodotto\/universal-digital-gauge-12-24v-programmabile\/\">Read More <i class=\"klbth-icon-right-arrow\"><\/i><\/a><\/div>","protected":false},"featured_media":24859,"template":"","meta":[],"product_brand":[],"product_cat":[71],"product_tag":[],"class_list":{"0":"post-24858","1":"product","2":"type-product","3":"status-publish","4":"has-post-thumbnail","6":"product_cat-digital-gauge","7":"pa_models-universal-digital-gauge-12-24v-programmabile","8":"pa_sku-code-epsf2000","10":"first","11":"instock","12":"product-type-simple"},"_links":{"self":[{"href":"https:\/\/sic.navy\/it\/wp-json\/wp\/v2\/product\/24858","targetHints":{"allow":["GET"]}}],"collection":[{"href":"https:\/\/sic.navy\/it\/wp-json\/wp\/v2\/product"}],"about":[{"href":"https:\/\/sic.navy\/it\/wp-json\/wp\/v2\/types\/product"}],"wp:featuredmedia":[{"embeddable":true,"href":"https:\/\/sic.navy\/it\/wp-json\/wp\/v2\/media\/24859"}],"wp:attachment":[{"href":"https:\/\/sic.navy\/it\/wp-json\/wp\/v2\/media?parent=24858"}],"wp:term":[{"taxonomy":"product_brand","embeddable":true,"href":"https:\/\/sic.navy\/it\/wp-json\/wp\/v2\/product_brand?post=24858"},{"taxonomy":"product_cat","embeddable":true,"href":"https:\/\/sic.navy\/it\/wp-json\/wp\/v2\/product_cat?post=24858"},{"taxonomy":"product_tag","embeddable":true,"href":"https:\/\/sic.navy\/it\/wp-json\/wp\/v2\/product_tag?post=24858"}],"curies":[{"name":"wp","href":"https:\/\/api.w.org\/{rel}","templated":true}]}}