{"id":24901,"date":"2026-02-05T09:16:31","date_gmt":"2026-02-05T09:16:31","guid":{"rendered":"https:\/\/sic.navy\/new2026\/checkout\/uncategorized\/faro-subacqueo-for-piscine-e-pontili-150w-22-500-lumen-t-colore-5000k-protezione-termica\/"},"modified":"2026-03-26T18:01:33","modified_gmt":"2026-03-26T18:01:33","slug":"faro-subacqueo-for-piscine-e-pontili-150w-22-500-lumen-t-colore-5000k-protezione-termica","status":"publish","type":"product","link":"https:\/\/sic.navy\/it\/prodotto\/faro-subacqueo-for-piscine-e-pontili-150w-22-500-lumen-t-colore-5000k-protezione-termica\/","title":{"rendered":"Faro subacqueo for piscine e pontili 150W (22.500 lumen , t colore 5000\u00b0k), protezione termica"},"content":{"rendered":"<p>Il Faro LED Piscina \u00e8 un faro subacqueo ad alta efficienza di potenza 150 W ed alimentazione 28 Vdc; paragonato alle luci tradizionali evidenzia un consumo elettrico inferihours dell\u201980 % ed una vita oltre 10 volte superihours.Dispone di un controllo di protezione su corrente e temperatura (se il faro non \u00e8 raffreddato in acqua il controllo di temperatura determina la riduzione di potenza fino allo spegnimento). E\u2019 alimentato da un alimentathours switching (Input 220 V, Output 28V 5A) ad alta efficienza esterno fornito in dotazione. Il circuito elettronico \u00e8 di una tecnologia proprietaria con speciali caratteristiche che permettono di avere la massima potenza dai componenti in spazi ristretti senza possibilit\u00e0 di compromettere i componenti stessi. Il cavo \u00e8 poliuretanico molto resistente al taglio ed agli agenti chimici, con conduttori in rame stagnato contro la corrosione di lunghezza 5 metri (a richiesta lunghezze superiori) tale da permettere il collegamento all\u2019alimentathours che dovr\u00e0 essere collocato alla corretta distanza imposta dalla normativa. Il circuito di controllo (nell\u2019alimentathours fornito) permette anche nelle tratte lunghe decine di metri di compensare automaticamente le perdite di carico evitando quindi di dover utilizzare grosse sezioni di conduttori. L\u2019illuminazione, complessivamente 12700 Lumen (la pi\u00f9 alta luminosit\u00e0 della categoria) per 20000 hours di vita, \u00e8 fornita da 16 LED da 10 W ciascuno, corrispondenti a 500 W di un faro alogeno tradizionale con un efficienza luminosa che raggiunge i 85 Lumen\/Watt effettivi; la luce \u00e8 bianca con temperatura di colhours di 6300 \u00b0K. Il faro \u00e8 costituito da un corpo in ottone pieno cromato con vetro temperato da 4 mm di spesshours completamente riempito da una speciale silicone resistente agli UV e agli agenti chimici che ne assicura la totale e definitiva tenuta stagna negli anni. Le applicazioni possibili per Faro LED Piscina sono: illuminazione di imbarcazioni, piscine, pontili di marine, vasche idromassaggio, serbatoi industriali di accumulo liquidi, corridoi di atterraggio idroscali (a richiesta sistemi di ancoraggio flottante), grandi acquari, parchi marini. Dimensioni: \u2022 Diametro esterno 150 mm \u2022 Spesshours 17,86 mm \u2022 Diametro fori fissaggio 7 mm (viti in acciaio inox 4,8 x 35) Il Grado di Protezione del Faro LED Piscina \u00e8 IP 68: \u2022 Protezione totale alla penetrazione di corpi solidi e polveri \u2022 Protezione contro l'immersione in acqua permanente; Specifiche Tecniche: Colhours del LED: Bianco extra - Temperatura di colhours: 6300 \u00b0K - Numero di LED: 16 da 10 watt - Flusso Luminoso: 12700 Lumen - Rendimento Faro: 90 Lumen\/Watt - Potenza nominale: 150 Watt - Tensione in ingresso: 28 Vdc - Corrente nominale: 5 A - Diametro Esterno: 150 mm - Spesshours: 17,86 mm - Diametro fori: 7 mm - Materiale: Ottone cromato, vetro temprato - Grado di protezione: IP68 - Cavo: Guaina esterna in poliuretano 300\/500V, Diametro max 7,0 mm - Conduttori: 2x1,5mm2 (POS Rosso, NEG Nero), 0,5mm2 Verde Controllo Temperatura, flessibilissimi di classe 5, stagnati.<\/p>\n<p>Il circuito elettronico \u00e8 basato su una tecnologia proprietaria con caratteristiche speciali che consentono di ottenere le massime prestazioni dai componenti anche in spazi compatti, senza comprometterne la durata. Il cavo \u00e8 in poliuretano, altamente resistente ai tagli e agli agenti chimici, con conduttori in rame stagnato per prevenire la corrosione, lungo 5 metri (lunghezze superiori disponibili su richiesta), consentendo il collegamento all\u2019alimentatore, che deve essere installato alla corretta distanza secondo le normative. Il circuito di controllo (nell\u2019alimentatore fornito) compensa automaticamente le cadute di tensione anche su lunghe distanze, evitando la necessit\u00e0 di utilizzare cavi con sezioni elevate.<\/p>\n<p>Il flusso luminoso, pari a 12.700 lumen (tra i pi\u00f9 elevati della categoria) con una durata di 20.000 ore, \u00e8 generato da 16 LED da 10 W ciascuno, equivalenti a un faro alogeno tradizionale da 500 W, con un\u2019efficienza luminosa fino a 85 lumen\/Watt. La luce \u00e8 bianca con una temperatura di colore di 6300 \u00b0K.<\/p>\n<p>Il faro \u00e8 costituito da un corpo in ottone pieno cromato con vetro temperato da 4 mm di spessore, completamente sigillato con uno speciale silicone resistente ai raggi UV e agli agenti chimici, garantendo una tenuta stagna totale e duratura nel tempo.<\/p>\n<p>Le possibili applicazioni del Faro LED Piscina includono: illuminazione di imbarcazioni, piscine, pontili di marine, vasche idromassaggio, serbatoi industriali per lo stoccaggio di liquidi, corridoi di atterraggio per idrovolanti (con sistemi di ancoraggio flottante disponibili su richiesta), grandi acquari e parchi marini.<\/p>\n<p class=\"translation-block\"><strong>Dimensioni:<\/strong><br>\n\u2022 Diametro esterno: 150 mm<br>\n\u2022 Spessore: 17,86 mm<br>\n\u2022 Diametro fori di fissaggio: 7 mm (viti in acciaio inox 4,8 x 35)<\/p>\n<p class=\"translation-block\"><strong>Grado di protezione (IP68):<\/strong><br>\n\u2022 Protezione totale contro polveri e corpi solidi<br>\n\u2022 Protezione contro l\u2019immersione continua in acqua<\/p>\n<p class=\"translation-block\"><strong>Specifiche Tecniche:<\/strong><br>\nColore LED: Bianco extra<br>\nTemperatura di colore: 6300 \u00b0K<br>\nNumero di LED: 16 x 10 W<br>\nFlusso luminoso: 12.700 lumen<br>\nEfficienza luminosa: 90 lumen\/Watt<br>\nPotenza nominale: 150 W<br>\nTensione in ingresso: 28 Vdc<br>\nCorrente nominale: 5 A<br>\nDiametro esterno: 150 mm<br>\nSpessore: 17,86 mm<br>\nDiametro fori: 7 mm<br>\nMateriale: Ottone cromato, vetro temperato<br>\nGrado di protezione: IP68<br>\nCavo: Guaina esterna in poliuretano 300\/500V, diametro max 7,0 mm<br>\nConduttori: 2\u00d71,5 mm\u00b2 (POS Rosso, NEG Nero), 0,5 mm\u00b2 Verde per controllo temperatura, altamente flessibili classe 5, rame stagnato<\/p>","protected":false},"excerpt":{"rendered":"<p>The LED Pool Light is a high-efficiency underwater light with a power of 150 W and a 28 Vdc supply. Compared to traditional lights, it offers up to 80% lower power consumption and a lifespan more than 10 times longer. It features current and thermal protection control (if the light is not cooled by water,<\/p>\n<div class=\"klb-readmore post-buttons\"><a class=\"btn variant-primary\" href=\"https:\/\/sic.navy\/it\/prodotto\/faro-subacqueo-for-piscine-e-pontili-150w-22-500-lumen-t-colore-5000k-protezione-termica\/\">Read More <i class=\"klbth-icon-right-arrow\"><\/i><\/a><\/div>","protected":false},"featured_media":24902,"template":"","meta":[],"product_brand":[],"product_cat":[287,74],"product_tag":[],"class_list":{"0":"post-24901","1":"product","2":"type-product","3":"status-publish","4":"has-post-thumbnail","6":"product_cat-lights-searchlights","7":"product_cat-solas-lights-navigation-lights","8":"pa_models-faro-subacqueo-for-piscine-e-pontili-150w-22-500-lumen-t-colore-5000k-protezione-termica","9":"pa_sku-code-epfbp150","11":"first","12":"instock","13":"purchasable","14":"product-type-simple"},"_links":{"self":[{"href":"https:\/\/sic.navy\/it\/wp-json\/wp\/v2\/product\/24901","targetHints":{"allow":["GET"]}}],"collection":[{"href":"https:\/\/sic.navy\/it\/wp-json\/wp\/v2\/product"}],"about":[{"href":"https:\/\/sic.navy\/it\/wp-json\/wp\/v2\/types\/product"}],"wp:featuredmedia":[{"embeddable":true,"href":"https:\/\/sic.navy\/it\/wp-json\/wp\/v2\/media\/24902"}],"wp:attachment":[{"href":"https:\/\/sic.navy\/it\/wp-json\/wp\/v2\/media?parent=24901"}],"wp:term":[{"taxonomy":"product_brand","embeddable":true,"href":"https:\/\/sic.navy\/it\/wp-json\/wp\/v2\/product_brand?post=24901"},{"taxonomy":"product_cat","embeddable":true,"href":"https:\/\/sic.navy\/it\/wp-json\/wp\/v2\/product_cat?post=24901"},{"taxonomy":"product_tag","embeddable":true,"href":"https:\/\/sic.navy\/it\/wp-json\/wp\/v2\/product_tag?post=24901"}],"curies":[{"name":"wp","href":"https:\/\/api.w.org\/{rel}","templated":true}]}}