{"id":3731,"date":"2026-01-26T09:21:56","date_gmt":"2026-01-26T09:21:56","guid":{"rendered":"https:\/\/sic.navy\/new2026\/?post_type=product&#038;p=3731"},"modified":"2026-01-31T15:22:10","modified_gmt":"2026-01-31T15:22:10","slug":"revenge","status":"publish","type":"product","link":"https:\/\/sic.navy\/it\/prodotto\/revenge\/","title":{"rendered":"Revenge"},"content":{"rendered":"<p>Tecnologia avanzata per la sicurezza marina<\/p>\n<p class=\"translation-block\">REVENGE rappresenta il massimo della segnalazione di emergenza. Progettata come luce lampeggiante di soccorso per giubbotti di salvataggio, \u00e8 completamente approvata in conformit\u00e0 al Codice LSA, alle risoluzioni IMO MSC e alle Direttive MED (ruota del timone europea).<br>\nIntegrit\u00e0 e durata brevettate<\/p>\n<p class=\"translation-block\">REVENGE \u00e8 l\u2019unica luce di emergenza protetta dal brevetto EU1679258. La sua struttura unica presenta due ganci di sicurezza laterali che sigillano ermeticamente il corpo. Questo design anti-manomissione garantisce che il dispositivo rimanga impermeabile; se l\u2019apertura viene forzata, l\u2019involucro si rompe, impedendo un riutilizzo non autorizzato o non sicuro.<br>\nSistema di attivazione intelligente<\/p>\n<p>Avvio automatico: il dispositivo si attiva istantaneamente al contatto con l\u2019acqua, garantendo visibilit\u00e0 immediata anche se l\u2019utente \u00e8 incapacitato.<\/p>\n<p>Controllo manuale: un pulsante integrato consente la disattivazione manuale in qualsiasi condizione.<\/p>\n<p>Override di sicurezza: se disattivata manualmente mentre \u00e8 in acqua, la luce pu\u00f2 essere riattivata tenendo premuto il pulsante per 2 secondi.<\/p>\n<p>Specifiche Tecniche<\/p>\n<p>Efficienza: LED bianco ad alta tecnologia con emissione luminosa emisferica ad altissima intensit\u00e0.<\/p>\n<p>Autonomia: supera le 30 ore di utilizzo continuo.<\/p>\n<p>Intensit\u00e0 luminosa: rimane superiore a 0,75 cd anche dopo 8 ore di funzionamento.<\/p>\n<p>Frequenza di lampeggio: oltre 50 lampeggi al minuto.<\/p>\n<p><strong>Classificazione: classificato come APPARECCHIATURA SOMMERSA (IEC60945:2002 e corr. 2008), conforme ai pi\u00f9 rigorosi standard europei in vigore dal 2021.<\/strong><\/p>\n<p>Alimentazione: 2 batterie alcaline LR6 1,5V (incluse).<\/p>\n<p>&nbsp;<\/p>\n<p>&nbsp;<\/p>\n<table class=\"tech-spec-table\">\n<tbody>\n<tr>\n<th>Descrizione<\/th>\n<td>Dettagli<\/td>\n<\/tr>\n<tr>\n<th>Sku<\/th>\n<td>EPLD0010<\/td>\n<\/tr>\n<tr>\n<th>Categoria<\/th>\n<td>Luci Solari e di Navigazione<\/td>\n<\/tr>\n<tr>\n<th>Dimensioni<\/th>\n<td>77 \u00d7 35 \u00d7 41 cm<\/td>\n<\/tr>\n<tr>\n<th>Peso<\/th>\n<td>0,077 kg<\/td>\n<\/tr>\n<tr>\n<th>Intensit\u00e0 Luminosa<\/th>\n<td style=\"font-weight: bold;color: #0266af\"><span style=\"color: #000000\">&gt;&gt; 0.75 cd.<\/span><\/td>\n<\/tr>\n<tr>\n<th>Materiale<\/th>\n<td>Policarbonato<\/td>\n<\/tr>\n<tr>\n<th>Attivazione<\/th>\n<td>Attivazione automatica in mare<\/td>\n<\/tr>\n<tr>\n<th>Batteria<\/th>\n<td>Alcalino<\/td>\n<\/tr>\n<tr>\n<th>Temperatura Operativa<\/th>\n<td>-20\u00b0C a +65\u00b0C (-4\u00b0 F a + 149\u00b0F)<\/td>\n<\/tr>\n<\/tbody>\n<\/table>","protected":false},"excerpt":{"rendered":"<p>REVENGE \u00e8 una luce di segnalazione lampeggiante ad alta intensit\u00e0, brevettata, per giubbotti di salvataggio, progettata per garantire la massima affidabilit\u00e0 nelle emergenze marine. Completamente certificata MED\/SOLAS e conforme ai pi\u00f9 recenti standard del 2021, \u00e8 dotata di attivazione automatica a contatto con l\u2019acqua e di uno speciale sigillo anti-manomissione.<\/p>","protected":false},"featured_media":3733,"template":"","meta":[],"product_brand":[],"product_cat":[74],"product_tag":[],"class_list":{"0":"post-3731","1":"product","2":"type-product","3":"status-publish","4":"has-post-thumbnail","6":"product_cat-solas-lights-navigation-lights","7":"pa_height-177","8":"pa_lenght-175","9":"pa_luminous-intensity-0-75-cd","10":"pa_material-polycarbonate","11":"pa_weight-178","12":"pa_width-176","14":"first","15":"instock","16":"shipping-taxable","17":"product-type-simple"},"_links":{"self":[{"href":"https:\/\/sic.navy\/it\/wp-json\/wp\/v2\/product\/3731","targetHints":{"allow":["GET"]}}],"collection":[{"href":"https:\/\/sic.navy\/it\/wp-json\/wp\/v2\/product"}],"about":[{"href":"https:\/\/sic.navy\/it\/wp-json\/wp\/v2\/types\/product"}],"wp:featuredmedia":[{"embeddable":true,"href":"https:\/\/sic.navy\/it\/wp-json\/wp\/v2\/media\/3733"}],"wp:attachment":[{"href":"https:\/\/sic.navy\/it\/wp-json\/wp\/v2\/media?parent=3731"}],"wp:term":[{"taxonomy":"product_brand","embeddable":true,"href":"https:\/\/sic.navy\/it\/wp-json\/wp\/v2\/product_brand?post=3731"},{"taxonomy":"product_cat","embeddable":true,"href":"https:\/\/sic.navy\/it\/wp-json\/wp\/v2\/product_cat?post=3731"},{"taxonomy":"product_tag","embeddable":true,"href":"https:\/\/sic.navy\/it\/wp-json\/wp\/v2\/product_tag?post=3731"}],"curies":[{"name":"wp","href":"https:\/\/api.w.org\/{rel}","templated":true}]}}