{"id":452,"date":"2025-05-26T07:22:39","date_gmt":"2025-05-26T07:22:39","guid":{"rendered":"https:\/\/klbtheme.com\/ignavo\/?post_type=product&#038;p=452"},"modified":"2026-01-31T15:22:00","modified_gmt":"2026-01-31T15:22:00","slug":"rtx-spark-14x5-5-4x100-et38-cb73-1-black-machined-wheel","status":"publish","type":"product","link":"https:\/\/sic.navy\/it\/prodotto\/rtx-spark-14x5-5-4x100-et38-cb73-1-black-machined-wheel\/","title":{"rendered":"Test degli Isolatori di Batteria 2\u00d770 amp. (caduta di corrente molto bassa)"},"content":{"rendered":"<p>Gli isolatori automatici di batteria a bassissima caduta di tensione (o \u201clow low drop\u201d) o distributori di carica consentono di ricaricare due o pi\u00f9 batterie simultaneamente utilizzando uno o due generatori (vedere le caratteristiche tecniche). Gli isolatori automatici di batteria a bassa caduta di tensione separano elettricamente ciascuna batteria per impedire che la corrente della batteria pi\u00f9 carica influisca su quella pi\u00f9 scarica. Durante la fase di ricarica, viene data la priorit\u00e0 alla batteria con maggiore necessit\u00e0 di ricarica. Sono dotati di un involucro in lega leggera (alluminio anodizzato) con ampie alette progettate per dissipare efficacemente il calore. Sono facili da installare e proteggono il sistema a monte del carico. Tutti i nostri isolatori di batteria a bassa caduta di tensione hanno un grado di protezione IP 685. Ricordiamo che gli isolatori di batteria sono chiamati in questo modo sul mercato perch\u00e9 isolano elettricamente. Gli isolatori di batteria sono chiamati anche in altri modi e per i seguenti motivi. I nostri isolatori di batteria possiedono tutte queste caratteristiche, ma sono anche \u201cLow Drop\u201d. Isolatori: isolano elettricamente le batterie; Separatori: separano la corrente in una sola direzione. Preferenziali: forniscono intrinsecamente pi\u00f9 carica alla batteria con minore carica. Distributori: distribuiscono la carica a pi\u00f9 batterie. Isolatori a \"caduta di tensione molto bassa\": a differenza dei normali isolatori per batterie, quelli a \"caduta di tensione bassa\" hanno la caratteristica di causare basse cadute di tensione tra l'alternatore e la batteria.<\/p>","protected":false},"excerpt":{"rendered":"<p>Gli isolatori automatici di batteria a bassissima caduta di tensione (o \"a bassissima caduta di tensione\") o distributori di carica consentono di ricaricare due o pi\u00f9 batterie simultaneamente utilizzando uno o due generatori (vedere caratteristiche tecniche). Gli isolatori automatici di batteria a bassa caduta di tensione separano elettricamente ciascuna batteria per impedire che la batteria pi\u00f9 carica fluisca in quella pi\u00f9 scarica.<\/p>","protected":false},"featured_media":3861,"template":"","meta":[],"product_brand":[],"product_cat":[69],"product_tag":[197],"class_list":{"0":"post-452","1":"product","2":"type-product","3":"status-publish","4":"has-post-thumbnail","6":"product_cat-electronics","7":"product_tag-battery-isolator","8":"product_shipping_class-shipping-within-3-days","10":"first","11":"instock","12":"shipping-taxable","13":"product-type-simple"},"_links":{"self":[{"href":"https:\/\/sic.navy\/it\/wp-json\/wp\/v2\/product\/452","targetHints":{"allow":["GET"]}}],"collection":[{"href":"https:\/\/sic.navy\/it\/wp-json\/wp\/v2\/product"}],"about":[{"href":"https:\/\/sic.navy\/it\/wp-json\/wp\/v2\/types\/product"}],"wp:featuredmedia":[{"embeddable":true,"href":"https:\/\/sic.navy\/it\/wp-json\/wp\/v2\/media\/3861"}],"wp:attachment":[{"href":"https:\/\/sic.navy\/it\/wp-json\/wp\/v2\/media?parent=452"}],"wp:term":[{"taxonomy":"product_brand","embeddable":true,"href":"https:\/\/sic.navy\/it\/wp-json\/wp\/v2\/product_brand?post=452"},{"taxonomy":"product_cat","embeddable":true,"href":"https:\/\/sic.navy\/it\/wp-json\/wp\/v2\/product_cat?post=452"},{"taxonomy":"product_tag","embeddable":true,"href":"https:\/\/sic.navy\/it\/wp-json\/wp\/v2\/product_tag?post=452"}],"curies":[{"name":"wp","href":"https:\/\/api.w.org\/{rel}","templated":true}]}}